{"id":25,"date":"2015-05-08T19:42:01","date_gmt":"2015-05-08T19:42:01","guid":{"rendered":"http:\/\/annemariekorte.org\/?page_id=25"},"modified":"2023-12-26T13:42:40","modified_gmt":"2023-12-26T12:42:40","slug":"miracles","status":"publish","type":"page","link":"https:\/\/annemariekorte.org\/?page_id=25","title":{"rendered":"Miracles"},"content":{"rendered":"\n<div class=\"wp-block-group\"><div class=\"wp-block-group__inner-container is-layout-constrained wp-block-group-is-layout-constrained\">\n<p class=\"has-text-color has-link-color wp-elements-eaecd2e1ccd3e073d0f6fe3ee27ce6ad\" style=\"color:#0a6390\">The topic of miracles has been one of Anne-Marie Korte\u2019s core areas of research over the last decades. The following is a presentation of her growing list of publications, lectures and collaborations related to this subject, which she has approached through a variety of lenses both inside the academic sphere and out. Chief among these lenses, and recurring topics of research, have been gender and the ways women in a diversity of contexts relate to miracles.<\/p>\n\n\n\n<p class=\"has-text-color has-link-color wp-elements-f53cb2a8af18b329333402a070f34bc4\" style=\"color:#0a6390\">On the subject of miracles, Anne-Marie Korte edited the volume <em>Women and Miracle Stories: A Multidsciplinary Exploration <\/em>(Leiden: Brill, 2001), as well as co-edited <em>Wonderen die de wereld nog niet uit zijn <\/em>(\u201cMiracles that have not yet left the world,\u201d Kampen: Kok, 1998). In 2004, at the request of Dutch broadcasting company <em>KRO<\/em>, she began researching the collection of over 2.000 miracle stories sent in to the producers of the Dutch program <em>Wonderen bestaan <\/em>(\u201cMiracles exist,\u201d 2003\u20142007). This research has formed the basis of a large number of publications, and helped inspire the well-received exposition titled <em>Allemaal wonderen <\/em>(\u201cAll miracles\u201d) in Catharijneconvent, Utrecht. This in turn sparked a new influx of miracle stories sent in by visitors. In September 2023, Korte led a research project about miracle narratives performed by participants of Utrecht University\u2019s <em>Betweterfestival<\/em>, a knowledge-themed festival centered around science, art, and experiments. She is currently working on a Dutch volume about contemporary miracle stories.<\/p>\n<\/div><\/div>\n\n\n\n<h3 class=\"wp-block-heading\"><strong>Journal publications<\/strong><\/h3>\n\n\n\n<h4 class=\"wp-block-heading\">Dutch <\/h4>\n\n\n\n<ul class=\"wp-block-list\">\n<li>&#8220;Vrouwen verhalen wonderen: Interdisciplinaire Onderzoekssa\u00admenwerking Vrouwen\u00adstu\u00addies aan de KTU,&#8221; <em>Sofia: Nieuwsbrief Vrouwenstu\u00addies Theologie<\/em> 2 (1994) nr.1, 31-32.<\/li>\n\n\n\n<li>&#8220;De herontdekking van het wonder,&#8221; <em>Sofia: Nieuwsbrief Vrou\u00adwenstudies Theologie<\/em> 3 (1995) nr. 1, 7-15.<\/li>\n\n\n\n<li>\u201cHet wonder in handen van vrouwen,\u201d <em>Wereld en Zending<\/em> 27 (1998) nr 2, 48-55.<\/li>\n\n\n\n<li>\u201cVoorbij de verlegenheid: Nieuwe toe-eigeningen van het wonder,\u201d <em>Wereld en Zending<\/em> 27 (1998). nr 2, 79-86.<\/li>\n\n\n\n<li>\u201cStapvoets geloven: de pelgrimstochten van Egeria,\u201d <em>Fier<\/em> 4 (2001) nr. 5, katern (I-VIII) [bewerking].<\/li>\n\n\n\n<li>\u201cHet wonder in handen van vrouwen,\u201d <em>Sofia: Vrouwenstudies Theologie<\/em> 8 (2001) nr. 3, 22-30 [herdruk].<\/li>\n\n\n\n<li>\u201cWonderlijke verhalen: Presentatie <em>Women and Miracle Stories<\/em>\u201d, <em>Sofia: Vrouwenstudies Theologie<\/em> 8 (2001) nr. 3, 3-7.<\/li>\n\n\n\n<li>\u201cBloemen uit de hemel: Eigentijdse wonderverhalen van vrouwen en mannen,\u201d <em>Fier<\/em> 8 (2005), nr. 3, katern pp. 1-VIII.<\/li>\n\n\n\n<li>\u201cTussen verbeelding en beeldenstorm: Het heilige in hedendaagse wonderverhalen,\u201d <em>Speling<\/em> 57 (2005) nr. 2, pp. 23-29.<\/li>\n\n\n\n<li>\u201cHedendaagse wonderervaringen als eye-openers,\u201d <em>Interpretatie<\/em> 13(2005) nr. 7, 14-17.<\/li>\n\n\n\n<li>\u201cVerbeelding van het wonder(lijke) in hedendaagse wonderverhalen,\u201d <em>Tijdschrift voor Theologie<\/em> 45 (2005), 397-413.<\/li>\n\n\n\n<li>\u201cVan heiligenbeeld tot Space Shuttle: Het wonder(lijke) in de hedendaagse wonderverhalen van het KRO-programma \u00b4Wonderen bestaan\u00b4\u201d, in: Charles Caspers, Peter Nissen &amp; Peter Raedts (red.), <em>Heiligen en hun wonderen: Uit de marge van ons erfgoed, van de late middeleeuwen tot heden<\/em> (Budel: Damon, 2007), 119-150.<\/li>\n\n\n\n<li>\u201cGroeten uit de hemel: voorbij het theologisch ongemak met levenstekens van dierbare overledenen?\u201d <em>Tijdschrift voor Theologie<\/em> 51 (2011) nr. 2, 193-214.<\/li>\n\n\n\n<li>\u201cModerne wonderverhalen: Heiliging in het dagelijks leven,\u201d <em>Tijdschrift voor Geestelijk Leven<\/em> 69 (2013) nr. 3, 87-96.<\/li>\n<\/ul>\n\n\n\n<h3 class=\"wp-block-heading\"><strong>Contributions to Edited Volumes<\/strong><\/h3>\n\n\n\n<p class=\"has-small-font-size\"><em>Publications (co-)edited by Anne-Marie Korte have been marked with an asterisk.<\/em>*<\/p>\n\n\n\n<h4 class=\"wp-block-heading\">English<\/h4>\n\n\n\n<ul class=\"wp-block-list\">\n<li>\u201cWomen and Miracle Stories: An Introduction,\u201d in: Anne-Marie Korte (ed.),<em> Women &amp; Miracle Stories: A Multidisciplinary Exploration <\/em>(Leiden: Brill, 2000, 2004), 1-28.*<\/li>\n\n\n\n<li>\u201cA Different Grace: Epilogue,\u201d in: Anne-Marie Korte (ed.),<em> Women &amp; Miracle Stories: A Multidisciplinary Exploration <\/em>(Leiden: Brill, 2000, 2004), 325-340.*<\/li>\n\n\n\n<li>\u201cMiraculous Women: Miracles, Religious Authority and Gender,\u201d in: Marcel Poorthuis &amp; Joshua Schwartz (eds), <em>Saints and Rolemodels in Judaism and Christianity<\/em> (Leiden: Brill, 2004), 415-432.<\/li>\n\n\n\n<li>\u201cThe wonder of dreams: How dreams advance in contemporary miracle stories,\u201d in: Kate Adams, Bart Koet and Barbara Roukema-Koning (eds.), <em>Dreams and Spirituality: A Handbook for Ministry, Spiritual Direction and Counselling<\/em> (London: Canterbury Press Norwich, 2015), 102-115.<\/li>\n\n\n\n<li>\u201cSigns from Heaven: Figuring the Sacred in Contemporary Miracle Stories,\u201d in: Angela Berlis, Kune Biezeveld and Anne-Marie Korte (eds), <em>Everyday Life and the Sacred: Re-Configuring Gender<\/em> (Leiden: Brill, 2017), 302-326.*<\/li>\n<\/ul>\n\n\n\n<h4 class=\"wp-block-heading\">Dutch<\/h4>\n\n\n\n<ul class=\"wp-block-list\">\n<li>&#8220;Schep\u00adping van het ongerijmde: Multidisciplinair onderzoekspro\u00adject &#8216;Vrouwen verhalen wonderen&#8217; aan de KTU,&#8221; in: Anne-Marie Korte e.a. (red.), <em>Proeven van vrouwenstudies theologie IV,<\/em> [IIMO Research Publication; 44] (Leiden\/Utrecht: IIMO\/IWFT, 1996), 203-223.*<\/li>\n\n\n\n<li>\u201cHet wonder in handen van vrouwen,\u201d in: Anne-Marie Korte e.a. (red.),&nbsp; <em>Wonderen die de wereld nog niet uit zijn<\/em> (Kampen: Kok, 1998), 64-72 [herdruk].*<\/li>\n\n\n\n<li>\u201cVoorbij de verlegenheid: Nieuwe toe-eigeningen van het wonder,\u201d in: Anne-Marie Korte e.a. (red.),&nbsp; <em>Wonderen die de wereld nog niet uit zijn<\/em> (Kampen: Kok, 1998), 98-106 [herdruk].*<\/li>\n\n\n\n<li>\u201cIn de voetstappen van Egeria? Pelgrimage en wonderen in de hedendaagse religieuze en theologische belangstelling\u201d, in: Paul Post en Louis van Tongeren (red.), <em>Devotioneel ritueel: Heiligen en wonderen, bedevaarten en pelgrimages in verleden en heden<\/em> (Kampen: Gooi en Sticht, 2001), 21-40.<\/li>\n\n\n\n<li>\u201cHedendaagse wonderervaringen als eye-openers,\u201d in: Henri\u00ebtte Klijnstra et al. (red<em>.), Groninger Historisch Dispuut Ubbo Emmius Almanak 2006\/<\/em>7, Thema \u2018Wonderen\u2019, (Groningen: GHD Ubbo Emmius, 2008), 88-94.<\/li>\n\n\n\n<li>\u201cHuis-tuin-en-keukenwonderen,\u201d in: Angela Berlis en Anne-Marie Korte (red.), <em>Alledaags en buitengewoon: spiritualiteit in vrouwendomeinen <\/em>(Vught: Skandalon, 2012), 17-27.*<\/li>\n\n\n\n<li>\u201cEigentijdse wonderverhalen als \u2018momentane\u2019 religiositeit,\u201d in: Joas Wagemakers en Lucien van Liere (red.), <em>Wie is er bang voor religie? Waarom kennis van religie belangrijk is (<\/em>Almere: Parthenon, 2019), 46-52.<\/li>\n\n\n\n<li>\u201cHet wonder als schok van het ongewone,\u201d in: Marije de Nood &amp; Rianneke van der Houwen-Jelles (red.), <em>Allemaal wonderen <\/em>(Zwolle\/Utrecht: Wbooks, 2020), 28-39.<\/li>\n<\/ul>\n\n\n\n<h4 class=\"wp-block-heading\">Other<\/h4>\n\n\n\n<ul class=\"wp-block-list\">\n<li>\u201cHeilige,\u201d in: Elisabeth G\u00f6ssmann e.a. (Hrgs.) <em>W\u00f6rterbuch der Feministischer Theologie<\/em> [2., vollst\u00e4ndig \u00fcberarbeitete und grundlegend erweiterte Auflage] (G\u00fctersloh: G\u00fctersloher Verlagshaus, 2002), 274-276.<\/li>\n<\/ul>\n\n\n\n<h3 class=\"wp-block-heading\"><strong>Lectures and Conference Papers<\/strong><\/h3>\n\n\n\n<h4 class=\"wp-block-heading\">Dutch<\/h4>\n\n\n\n<ul class=\"wp-block-list\">\n<li><em>De herontdekking van het wonder<\/em>. Lezing gehouden op de studiedag &#8220;Vrouwen verhalen wonderen&#8221; van de gelijknamige onderzoekssamenwerking aan de KTU te Utrecht, 28 april 1995.<\/li>\n\n\n\n<li><em>Wonderen in het licht van vrouwenstudies<\/em>. Lezing voor het Colloquium van Geestelijke Verzorgers in Psychiatrische Instellingen te Maarssen op 4 februari 1999.<\/li>\n\n\n\n<li><em>Vrouwen en wonderen: De \u2018steelse blik\u2019 van Rachel<\/em>. Lezing voor de Oecumenische Werkgroep \u201cSamen Verder\u201d te Santpoort, 8 november 2000.<\/li>\n\n\n\n<li><em>Wonderlijke verhalen: Presentatie \u2018Women and Miracle Stories\u2019. <\/em>\u00a0Inleiding op de studiemiddag \u2018Women and Miracle Stories\u2019 van de Interdisciplinaire Werkgroep Gender- en Vrouwenstudies Theologie KTU-GGL, 24 januari 2001.<\/li>\n\n\n\n<li><em> Niet te geloven!? Wonderen in de hedendaagse theologie.<\/em> Lezing op de studiedag \u2018De Weg der Wonderen\u2019 van de Thomas Moore Academie te Zwolle, 4 april 2001.<\/li>\n\n\n\n<li><em>Geloof hechten aan wonderverhalen: Een onderzoek naar de brieven van KRO\u00b4s \u00b4Wonderen bestaan\u00b4. <\/em>Hoofdlezingop het Symposium `Wonder boven wonder\u00b4(KRO\/KTU\/Luce) op 29 oktober 2004 te Utrecht.<\/li>\n\n\n\n<li><em>Alle verstand te boven? Wonderverhalen van mannen en van vrouwen uit het KRO-programma <em>\u00b4Wonderen<\/em> bestaan\u00b4. <\/em>Lezing ter gelegenheid van de Catharinadag over `Media, gender en spiritualiteit\u00b4 op 25 november 2004 te Borne.<\/li>\n\n\n\n<li><em>Een anjer uit de zee: Wonderverhalen van mannen en van vrouwen uit het KRO-programma `Wonderen bestaan\u00b4 <\/em>Lezing voor de parochie H. Maria Geboorte op 23 februari 2005 te Dussen.<\/li>\n\n\n\n<li><em>Van heiligenbeeld tot spaceshuttle: Vormgeving van het wonder in hedendaagse wonderverhalen. <\/em>Lezing op het congres \u2018Heiligen en hun wonderen\u2019 van het onderzoeksprogramma \u00b4Cultureel Erfgoed van het Christendom\u00b4 van de Radboud Universiteit Nijmegen op 9 december 2005 te Nijmegen.<\/li>\n\n\n\n<li><em>Verfilmde verschijningen: Vormgeving van het wonder in hedendaagse wonderverhalen. <\/em>Onderzoekspresentatie en workshop voor KRO-medewerkers op 1 februari 2006 te Hilversum.<\/li>\n\n\n\n<li><em>Verlichting en verwondering: De hedendaagse wonderen van het KRO-programma `Wonderen bestaan<\/em>\u00b4. Lezing op de Culturele Zondag, Universiteit Utrecht, op 26 maart 2006 te Utrecht.<\/li>\n\n\n\n<li><em>Hedendaagse wonderverhalen: \u00b4subjectivering van religie\u00b4?<\/em> Lezing op de studiedag \u00b4Religie in de marge?\u00b4 van het Nederlands Genootschap voor Godsdienstwetenschap op 8 april 2006\u00a0 te Utrecht.<\/li>\n\n\n\n<li><em>Verlichting en verwondering: De hedendaagse wonderen van het KRO-programma `Wonderen bestaan<\/em>\u00b4. Lezing voor het Studium Generale, Universiteit Utrecht, op 12 april 2006 te Utrecht.<\/li>\n\n\n\n<li><em>Hedendaagse wonderverhalen<\/em>. Lezing op de themabijeenkomst &#8216;Wonderen voor jongeren&#8217; van de RK Jongerengroep Arnhem op 18 juni 2006 te Arnhem.<\/li>\n\n\n\n<li><em>Wonder of toeval: Het wonderlijke in hedendaagse wonderverhalen. <\/em>Lezing in de serie thema-avonden over \u00b4Wonderlijke ervaringen\u00b4 van de Dominicusparochie in Utrecht West op 22 oktober 2008 te Utrecht.<\/li>\n\n\n\n<li><em>Hedendaagse wonderverhalen en de grens tussen leven en dood. <\/em>Lezing in het kader van het jaarthema &#8220;Over grenzen&#8221; van het Dr. J.H. Bavinck College te Groningen op 22 januari 2009 te Groningen.\u00a0<\/li>\n\n\n\n<li><em>Het droomverhaal in hedendaagse wondervertellingen. Op basis van de wonderverhalen van het KRO-programma \u2018Wonderen Bestaan\u2019 (2003-2007<\/em>). Lezing op de interdisciplinaire studiedag \u00b4Over dromen gesproken\u00b4 van de Faculteit Katholieke Theologie van de Universiteit van Tilburg, op 12 maart 2010 te Tilburg.<\/li>\n\n\n\n<li><em>Het wonderlijke in hedendaagse wonderverhalen<\/em>. Lezing gepubliceerd op de site van de tentoonstelling \u2018Allemaal wonderen\u2019\u2019, Catharijneconvent Utrecht, 28 februari 2020.<\/li>\n\n\n\n<li><em>Geloof hechten aan wonderverhalen:\u00a0 Een onderzoek naar de brieven van KRO\u00b4s \u00b4Wonderen bestaan.\u00b4<\/em> Onderzoeksverslag met bijlagen. Integrale tekst van de lezing gehouden op 29 oktober op het KRO-Luce symposium `Wonder boven wonder\u00b4 te Utrecht.<\/li>\n\n\n\n<li><a href=\"http:\/\/www.kro.nl\/wonderenbestaan\/home.asp\">http:\/\/www.kro.nl\/wonderenbestaan\/home.asp<\/a> \u00a0en <a href=\"http:\/\/www.luce.nl\/publicaties\/sd902\">http:\/\/www.luce.nl\/publicaties\/sd902<\/a>;<\/li>\n\n\n\n<li><em>Miniaturen van verwondering: Onderzoek naar de brieven van KRO\u00b4s `Wonderen bestaan\u00b4<\/em>, excerpt van de lezing <em>Geloof hechten aan wonderverhalen<\/em> in: <em>Het goede leven (Friesch Dagblad)<\/em> 3 (2004) nr. 44, 15. Andere excerpten en samenvattingen zijn onder meer gepubliceerd in <em>Trouw, De Telegraaf, Nederlands Dagblad, Centraal Weekblad, De Haagsche Courant <\/em>en in diverse omroepbladen. Ook in Vlaamse tijschriften als Tertio en Evita is aandacht aan dit wonderonderzoek besteed.<\/li>\n<\/ul>\n\n\n\n<h4 class=\"wp-block-heading\">English<\/h4>\n\n\n\n<ul class=\"wp-block-list\">\n<li><em>Figuring the Sacred in Contemporary Miracle Stories<\/em>. \u00a0Lecture held during the workshop \u00b4Religious Representations: Questions of Aesthetics and Styles\u00b4 at the conference \u00b4What is Religion? Vocabularies, Temporalities, Comparabilities\u00b4 from NWO programme \u00b4The Future of the Religious Past\u00b4 June 3, 2005 in Amsterdam.<\/li>\n\n\n\n<li><em>Signs of the Beloved Dead in Contemporary Miracle Stories<\/em>. Lecture held during the seminar \u00b4Death, Technology and Popular Culture\u00b4 in the section `Death, Dying and Beyond\u00b4 at the conference of the American Academy of Religion op November 3, 2008 in Chicago, U.S.<\/li>\n<\/ul>\n\n\n\n<h3 class=\"wp-block-heading\"><strong>Media Appearances and Presentations<\/strong><\/h3>\n\n\n\n<h4 class=\"wp-block-heading\">Dutch<\/h4>\n\n\n\n<ul class=\"wp-block-list\">\n<li>Optreden in \u00b4Wonderen bestaan \u2013 alleen als je er in gelooft?\u00b4 Televisieprogramma <em>Soeterbeeck <\/em>(KRO), uitgezonden op 26-10-2004 en 31-10-2004<\/li>\n\n\n\n<li>Interviews in KRO\u00b4s <em>Kruispunt<\/em> (radio), KRO\u00b4s <em>Studio<\/em> (t.v.gids) en de <em>VPRO-gids <\/em>(2004).<\/li>\n\n\n\n<li>Besprekingen van de onderzoekspresentatie <em>Geloof hechten aan wonderverhalen: Een onderzoek naar de brieven van KRO\u00b4s \u00b4Wonderen bestaan<\/em>\u00b4 in <em>Trouw, De Telegraaf, Nederlands Dagblad, Katholiek Nieuwsblad, Friesch Dagblad, Haagsche Courant, KatholiekNederland.nl., Tertio <\/em>(2004-2005)<\/li>\n\n\n\n<li>Interviews en medewerking aan radioprogramma\u00b4s, tijdschriften e.d. zoals <em>Avantgarde, Evita, GezondNU <\/em>en in<em> Verum, Pulchrum et Bonum <\/em>en <em>Het Klooster <\/em>(2005-2008), en op Kerstavond 2015.<\/li>\n\n\n\n<li>\u201cHet wonder zet de wereld op zijn kop,\u201d interview in <em>BIJEEN<\/em>, juni 1998.<\/li>\n\n\n\n<li>Interviews en presentaties in het kader van het onderzoek van Motivaction in opdracht van KRO\/NCRV en Museum Catharijneconvent, en de Wonderententoonstelling \u201cAllemaal wonderen\u201d in het Catharijneconvent, in de periode januari \u2013 maart 2020, o.a. <em>Algemeen Dagblad, Nederlands Dagblad<\/em> en <em>Trouw, <\/em>en in bladen zoals <em>De Kanttekening<\/em>, <em>Catharijne,<\/em> <em>De Verwondering, Eva<\/em>.<\/li>\n\n\n\n<li>Meet the professor: 2020, 2021, 2022, 2023, colleges voor kinderen over eigentijdse wonderverhalen.<\/li>\n\n\n\n<li>MuseumJeugdUniversiteit: 2020, 2021, lezingen voor kinderen over eigentijdse wonderverhalen.<\/li>\n\n\n\n<li>Optreden met het verzamelen van wonderverhalen en (radio)interviews en presentaties in het kader van het Betweterfestival (Universiteit Utrecht 29 september 2023), o.a. in \u201cDe\u00a0nacht\u00a0van\u2026NTR\u201d op 21 september 2023.<\/li>\n<\/ul>\n","protected":false},"excerpt":{"rendered":"<p>The topic of miracles has been one of Anne-Marie Korte\u2019s core areas of research over the last decades. The following is a presentation of her growing list of publications, lectures and collaborations related to this subject, which she has approached through a variety of lenses both inside the academic sphere and out. Chief among these &#8230; <span class=\"more\"><a class=\"more-link\" href=\"https:\/\/annemariekorte.org\/?page_id=25\">[Read more&#8230;]<\/a><\/span><\/p>\n","protected":false},"author":1,"featured_media":0,"parent":0,"menu_order":0,"comment_status":"closed","ping_status":"closed","template":"page-left-sidebar.php","meta":{"footnotes":""},"class_list":["entry","page","publish","author-","post-25"],"_links":{"self":[{"href":"https:\/\/annemariekorte.org\/index.php?rest_route=\/wp\/v2\/pages\/25"}],"collection":[{"href":"https:\/\/annemariekorte.org\/index.php?rest_route=\/wp\/v2\/pages"}],"about":[{"href":"https:\/\/annemariekorte.org\/index.php?rest_route=\/wp\/v2\/types\/page"}],"author":[{"embeddable":true,"href":"https:\/\/annemariekorte.org\/index.php?rest_route=\/wp\/v2\/users\/1"}],"replies":[{"embeddable":true,"href":"https:\/\/annemariekorte.org\/index.php?rest_route=%2Fwp%2Fv2%2Fcomments&post=25"}],"version-history":[{"count":8,"href":"https:\/\/annemariekorte.org\/index.php?rest_route=\/wp\/v2\/pages\/25\/revisions"}],"predecessor-version":[{"id":484,"href":"https:\/\/annemariekorte.org\/index.php?rest_route=\/wp\/v2\/pages\/25\/revisions\/484"}],"wp:attachment":[{"href":"https:\/\/annemariekorte.org\/index.php?rest_route=%2Fwp%2Fv2%2Fmedia&parent=25"}],"curies":[{"name":"wp","href":"https:\/\/api.w.org\/{rel}","templated":true}]}}